{"id":24,"date":"2019-03-01T18:58:49","date_gmt":"2019-03-01T18:58:49","guid":{"rendered":"https:\/\/logiem.lv\/?page_id=24"},"modified":"2019-04-02T12:41:44","modified_gmt":"2019-04-02T10:41:44","slug":"home","status":"publish","type":"page","link":"https:\/\/logiem.lv\/lv\/","title":{"rendered":"S\u0101kums"},"content":{"rendered":"<div class=\"col-md-5\">\n<h3>SIA &#8220;Lattergo&#8221;<\/h3>\n<p>Plastik\u0101ta (PVC) un alum\u012bnija logi &#8211; ra\u017eo\u0161ana un uzst\u0101d\u012b\u0161ana. Stikla starpsienas, stikla paketes, met\u0101la durvis, v\u0101rti, palodzes, \u017eal\u016bzijas un pretinsektu sieti.<\/p>\n<\/div>\n<div class=\"col-md-6 col-md-offset-1\"><img loading=\"lazy\" decoding=\"async\" src=\"https:\/\/logiem.lv\/wp-content\/uploads\/2019\/03\/lattergo_logo_pilns_phptCqzkS-300x78.jpg\" alt=\"\" class=\"alignnone size-medium wp-image-4\" scale=\"0\" width=\"300\" height=\"78\" srcset=\"https:\/\/logiem.lv\/wp-content\/uploads\/2019\/03\/lattergo_logo_pilns_phptCqzkS-300x78.jpg 300w, https:\/\/logiem.lv\/wp-content\/uploads\/2019\/03\/lattergo_logo_pilns_phptCqzkS.jpg 502w\" sizes=\"auto, (max-width: 300px) 100vw, 300px\" \/><\/div>\n","protected":false},"excerpt":{"rendered":"<p>SIA &#8220;Lattergo&#8221; Plastik\u0101ta (PVC) un alum\u012bnija logi &#8211; ra\u017eo\u0161ana un uzst\u0101d\u012b\u0161ana. Stikla starpsienas, stikla paketes, met\u0101la durvis, v\u0101rti, palodzes, \u017eal\u016bzijas un pretinsektu sieti.<\/p>\n","protected":false},"author":1,"featured_media":0,"parent":0,"menu_order":0,"comment_status":"closed","ping_status":"closed","template":"","meta":{"footnotes":""},"class_list":["post-24","page","type-page","status-publish","hentry"],"featured_image_src":null,"featured_image_urls":{"full":"","thumbnail":"","medium":"","medium_large":"","large":"","1536x1536":"","2048x2048":"","trp-custom-language-flag":"","hestia-blog":""},"post_excerpt_stackable":"<p>SIA &#8220;Lattergo&#8221; Plastik\u0101ta (PVC) un alum\u012bnija logi &#8211; ra\u017eo\u0161ana un uzst\u0101d\u012b\u0161ana. Stikla starpsienas, stikla paketes, met\u0101la durvis, v\u0101rti, palodzes, \u017eal\u016bzijas un pretinsektu sieti.<\/p>\n","category_list":"","author_info":{"name":"trvhu","url":"https:\/\/logiem.lv\/lv\/author\/trvhu\/"},"comments_num":"0 comments","featured_image_urls_v2":{"full":"","thumbnail":"","medium":"","medium_large":"","large":"","1536x1536":"","2048x2048":"","trp-custom-language-flag":"","hestia-blog":""},"post_excerpt_stackable_v2":"<p>SIA &#8220;Lattergo&#8221; Plastik\u0101ta (PVC) un alum\u012bnija logi &#8211; ra\u017eo\u0161ana un uzst\u0101d\u012b\u0161ana. Stikla starpsienas, stikla paketes, met\u0101la durvis, v\u0101rti, palodzes, \u017eal\u016bzijas un pretinsektu sieti.<\/p>\n","category_list_v2":"","author_info_v2":{"name":"trvhu","url":"https:\/\/logiem.lv\/lv\/author\/trvhu\/"},"comments_num_v2":"0 comments","_links":{"self":[{"href":"https:\/\/logiem.lv\/lv\/wp-json\/wp\/v2\/pages\/24","targetHints":{"allow":["GET"]}}],"collection":[{"href":"https:\/\/logiem.lv\/lv\/wp-json\/wp\/v2\/pages"}],"about":[{"href":"https:\/\/logiem.lv\/lv\/wp-json\/wp\/v2\/types\/page"}],"author":[{"embeddable":true,"href":"https:\/\/logiem.lv\/lv\/wp-json\/wp\/v2\/users\/1"}],"replies":[{"embeddable":true,"href":"https:\/\/logiem.lv\/lv\/wp-json\/wp\/v2\/comments?post=24"}],"version-history":[{"count":5,"href":"https:\/\/logiem.lv\/lv\/wp-json\/wp\/v2\/pages\/24\/revisions"}],"predecessor-version":[{"id":457,"href":"https:\/\/logiem.lv\/lv\/wp-json\/wp\/v2\/pages\/24\/revisions\/457"}],"wp:attachment":[{"href":"https:\/\/logiem.lv\/lv\/wp-json\/wp\/v2\/media?parent=24"}],"curies":[{"name":"wp","href":"https:\/\/api.w.org\/{rel}","templated":true}]}}